{"id":6769,"date":"2025-07-14T03:11:53","date_gmt":"2025-07-14T03:11:53","guid":{"rendered":"https:\/\/mexicolab.com.mx\/?post_type=product&#038;p=6769"},"modified":"2025-12-09T19:51:01","modified_gmt":"2025-12-10T01:51:01","slug":"silencio-electrico","status":"publish","type":"product","link":"https:\/\/mexicolab.com.mx\/en\/productos\/silencio-electrico\/","title":{"rendered":"Electric Silence"},"content":{"rendered":"<p class=\"p1\">Esta obra transmite la quietud interna de una mujer en estado de introspecci\u00f3n, envuelta en l\u00edneas el\u00e9ctricas que evocan redes neuronales, emociones o pensamientos flotantes. Compuesta en tinta negra con detalles en blanco y sobre fondo kraft, la figura cobra fuerza a trav\u00e9s de su silueta, al mismo tiempo delicada y poderosa.<\/p>\n<p class=\"p1\">Una pieza que habla sin palabras.<\/p>","protected":false},"excerpt":{"rendered":"<p class=\"p1\">Una figura femenina en contemplaci\u00f3n profunda, trazada con l\u00edneas de energ\u00eda abstracta.<\/p>\n<ul>\n<li>\n<p class=\"p1\">Material: Tinta y acr\u00edlico sobre cart\u00f3n<\/p>\n<\/li>\n<li>\n<p class=\"p1\">T\u00e9cnica mixta sobre papel kraft<\/p>\n<\/li>\n<li>\n<p class=\"p1\">Dimensiones: 40 x 40 cm<\/p>\n<\/li>\n<li>\n<p class=\"p1\">Pieza \u00fanica<\/p>\n<\/li>\n<li>\n<p class=\"p1\">Enmarcado en caja flotante<\/p>\n<\/li>\n<\/ul>","protected":false},"featured_media":6869,"comment_status":"open","ping_status":"closed","template":"","meta":{"_acf_changed":false,"_vp_format_video_url":"","_vp_image_focal_point":[]},"product_brand":[],"product_cat":[139],"product_tag":[77,166,163,164,161,162,165],"class_list":{"0":"post-6769","1":"product","2":"type-product","3":"status-publish","4":"has-post-thumbnail","6":"product_cat-pinturas-en-lienzo","7":"product_tag-arte-contemporaneo","8":"product_tag-expresion-emocional","9":"product_tag-introspeccion","10":"product_tag-lineas","11":"product_tag-mujer","12":"product_tag-retrato","13":"product_tag-tinta","15":"first","16":"instock","17":"shipping-taxable","18":"purchasable","19":"product-type-simple"},"acf":[],"_links":{"self":[{"href":"https:\/\/mexicolab.com.mx\/en\/wp-json\/wp\/v2\/product\/6769","targetHints":{"allow":["GET"]}}],"collection":[{"href":"https:\/\/mexicolab.com.mx\/en\/wp-json\/wp\/v2\/product"}],"about":[{"href":"https:\/\/mexicolab.com.mx\/en\/wp-json\/wp\/v2\/types\/product"}],"replies":[{"embeddable":true,"href":"https:\/\/mexicolab.com.mx\/en\/wp-json\/wp\/v2\/comments?post=6769"}],"version-history":[{"count":1,"href":"https:\/\/mexicolab.com.mx\/en\/wp-json\/wp\/v2\/product\/6769\/revisions"}],"predecessor-version":[{"id":6771,"href":"https:\/\/mexicolab.com.mx\/en\/wp-json\/wp\/v2\/product\/6769\/revisions\/6771"}],"wp:featuredmedia":[{"embeddable":true,"href":"https:\/\/mexicolab.com.mx\/en\/wp-json\/wp\/v2\/media\/6869"}],"wp:attachment":[{"href":"https:\/\/mexicolab.com.mx\/en\/wp-json\/wp\/v2\/media?parent=6769"}],"wp:term":[{"taxonomy":"product_brand","embeddable":true,"href":"https:\/\/mexicolab.com.mx\/en\/wp-json\/wp\/v2\/product_brand?post=6769"},{"taxonomy":"product_cat","embeddable":true,"href":"https:\/\/mexicolab.com.mx\/en\/wp-json\/wp\/v2\/product_cat?post=6769"},{"taxonomy":"product_tag","embeddable":true,"href":"https:\/\/mexicolab.com.mx\/en\/wp-json\/wp\/v2\/product_tag?post=6769"}],"curies":[{"name":"wp","href":"https:\/\/api.w.org\/{rel}","templated":true}]}}